{"id":188,"date":"2024-06-18T14:59:10","date_gmt":"2024-06-18T17:59:10","guid":{"rendered":"https:\/\/kgprojetos.com.br\/?page_id=188"},"modified":"2025-07-03T13:59:43","modified_gmt":"2025-07-03T16:59:43","slug":"quem-sou","status":"publish","type":"page","link":"https:\/\/kgprojetos.com.br\/?page_id=188","title":{"rendered":"Quem sou"},"content":{"rendered":"\t\t<div data-elementor-type=\"wp-page\" data-elementor-id=\"188\" class=\"elementor elementor-188\">\n\t\t\t\t<div class=\"elementor-element elementor-element-cac158c e-flex e-con-boxed e-con e-parent\" data-id=\"cac158c\" data-element_type=\"container\" data-settings=\"{&quot;background_background&quot;:&quot;classic&quot;}\">\n\t\t\t\t\t<div class=\"e-con-inner\">\n\t\t<div class=\"elementor-element elementor-element-33540ce e-con-full e-flex e-con e-child\" data-id=\"33540ce\" data-element_type=\"container\">\n\t\t\t\t<div class=\"elementor-element elementor-element-575f32b elementor-widget elementor-widget-image\" data-id=\"575f32b\" data-element_type=\"widget\" data-widget_type=\"image.default\">\n\t\t\t\t<div class=\"elementor-widget-container\">\n\t\t\t\t\t\t\t\t\t\t\t\t\t\t\t<img fetchpriority=\"high\" decoding=\"async\" width=\"500\" height=\"500\" src=\"https:\/\/kgprojetos.com.br\/wp-content\/uploads\/2025\/04\/KG_PROJETOS-removebg-2.png\" class=\"attachment-large size-large wp-image-2622\" alt=\"\" srcset=\"https:\/\/kgprojetos.com.br\/wp-content\/uploads\/2025\/04\/KG_PROJETOS-removebg-2.png 500w, https:\/\/kgprojetos.com.br\/wp-content\/uploads\/2025\/04\/KG_PROJETOS-removebg-2-300x300.png 300w, https:\/\/kgprojetos.com.br\/wp-content\/uploads\/2025\/04\/KG_PROJETOS-removebg-2-150x150.png 150w\" sizes=\"(max-width: 500px) 100vw, 500px\" \/>\t\t\t\t\t\t\t\t\t\t\t\t\t\t\t<\/div>\n\t\t\t\t<\/div>\n\t\t\t\t<\/div>\n\t\t<div class=\"elementor-element elementor-element-6014cf3 e-grid e-con-full e-con e-child\" data-id=\"6014cf3\" data-element_type=\"container\">\n\t\t\t\t<div class=\"elementor-element elementor-element-0e4cfa2 elementor-icon-list--layout-inline elementor-align-center elementor-list-item-link-full_width elementor-widget elementor-widget-icon-list\" data-id=\"0e4cfa2\" data-element_type=\"widget\" data-widget_type=\"icon-list.default\">\n\t\t\t\t<div class=\"elementor-widget-container\">\n\t\t\t\t\t\t\t<ul class=\"elementor-icon-list-items elementor-inline-items\">\n\t\t\t\t\t\t\t<li class=\"elementor-icon-list-item elementor-inline-item\">\n\t\t\t\t\t\t\t\t\t\t\t<a href=\"https:\/\/kgprojetos.com.br\/\">\n\n\t\t\t\t\t\t\t\t\t\t\t<span class=\"elementor-icon-list-text\">Home<\/span>\n\t\t\t\t\t\t\t\t\t\t\t<\/a>\n\t\t\t\t\t\t\t\t\t<\/li>\n\t\t\t\t\t\t\t\t<li class=\"elementor-icon-list-item elementor-inline-item\">\n\t\t\t\t\t\t\t\t\t\t\t<a href=\"https:\/\/kgprojetos.com.br\/?page_id=425\">\n\n\t\t\t\t\t\t\t\t\t\t\t<span class=\"elementor-icon-list-text\">NOSSOS PRODUTOS<\/span>\n\t\t\t\t\t\t\t\t\t\t\t<\/a>\n\t\t\t\t\t\t\t\t\t<\/li>\n\t\t\t\t\t\t\t\t<li class=\"elementor-icon-list-item elementor-inline-item\">\n\t\t\t\t\t\t\t\t\t\t\t<a href=\"https:\/\/kgprojetos.com.br\/?page_id=212\">\n\n\t\t\t\t\t\t\t\t\t\t\t<span class=\"elementor-icon-list-text\">contato<\/span>\n\t\t\t\t\t\t\t\t\t\t\t<\/a>\n\t\t\t\t\t\t\t\t\t<\/li>\n\t\t\t\t\t\t<\/ul>\n\t\t\t\t\t\t<\/div>\n\t\t\t\t<\/div>\n\t\t\t\t<\/div>\n\t\t\t\t\t<\/div>\n\t\t\t\t<\/div>\n\t\t<div class=\"elementor-element elementor-element-1c33ccc e-grid e-con-boxed e-con e-parent\" data-id=\"1c33ccc\" data-element_type=\"container\">\n\t\t\t\t\t<div class=\"e-con-inner\">\n\t\t\t\t<div class=\"elementor-element elementor-element-47f3901 elementor-widget elementor-widget-heading\" data-id=\"47f3901\" data-element_type=\"widget\" data-widget_type=\"heading.default\">\n\t\t\t\t<div class=\"elementor-widget-container\">\n\t\t\t\t\t<h1 class=\"elementor-heading-title elementor-size-default\">Quem \u00e9 <br \/>Kleber Giuliano.<\/h1>\t\t\t\t<\/div>\n\t\t\t\t<\/div>\n\t\t\t\t<div class=\"elementor-element elementor-element-f9d0437 elementor-widget elementor-widget-image\" data-id=\"f9d0437\" data-element_type=\"widget\" data-widget_type=\"image.default\">\n\t\t\t\t<div class=\"elementor-widget-container\">\n\t\t\t\t\t\t\t\t\t\t\t\t\t\t\t<img decoding=\"async\" width=\"416\" height=\"600\" src=\"https:\/\/kgprojetos.com.br\/wp-content\/uploads\/2024\/09\/modelo___1_-removebg-preview.png\" class=\"attachment-full size-full wp-image-1964\" alt=\"\" srcset=\"https:\/\/kgprojetos.com.br\/wp-content\/uploads\/2024\/09\/modelo___1_-removebg-preview.png 416w, https:\/\/kgprojetos.com.br\/wp-content\/uploads\/2024\/09\/modelo___1_-removebg-preview-208x300.png 208w\" sizes=\"(max-width: 416px) 100vw, 416px\" \/>\t\t\t\t\t\t\t\t\t\t\t\t\t\t\t<\/div>\n\t\t\t\t<\/div>\n\t\t\t\t\t<\/div>\n\t\t\t\t<\/div>\n\t\t<div class=\"elementor-element elementor-element-b288195 e-flex e-con-boxed e-con e-parent\" data-id=\"b288195\" data-element_type=\"container\">\n\t\t\t\t\t<div class=\"e-con-inner\">\n\t\t\t\t<div class=\"elementor-element elementor-element-13c7c11 elementor-widget elementor-widget-text-editor\" data-id=\"13c7c11\" data-element_type=\"widget\" data-widget_type=\"text-editor.default\">\n\t\t\t\t<div class=\"elementor-widget-container\">\n\t\t\t\t\t\t\t\t\t<p class=\"\" data-start=\"249\" data-end=\"619\">Ol\u00e1! Eu sou Kleber Giuliano, e minha jornada no universo dos m\u00f3veis planejados come\u00e7ou em 2000. Iniciei no setor de expedi\u00e7\u00e3o e como ajudante de montagem \u2014 fun\u00e7\u00f5es que me deram uma vis\u00e3o real do que acontece no \u201cch\u00e3o de f\u00e1brica\u201d e, principalmente, na casa do cliente. Essa viv\u00eancia pr\u00e1tica foi a base que moldou meu olhar t\u00e9cnico e minha forma de projetar com prop\u00f3sito.<\/p><p class=\"\" data-start=\"621\" data-end=\"1007\">Com o tempo, fui migrando para o setor de projetos, levando comigo toda essa bagagem pr\u00e1tica. Aprendi a import\u00e2ncia de criar projetos n\u00e3o apenas bonitos, mas <strong data-start=\"779\" data-end=\"807\">execut\u00e1veis e funcionais<\/strong>, que fazem sentido na vida real. Vindo da \u00e9poca do Promob 4i, em que os recursos eram limitados, aprimorei minha criatividade e desenvolvi m\u00e9todos pr\u00f3prios para otimizar tempo \u2014 sem perder qualidade.<\/p><p class=\"\" data-start=\"1009\" data-end=\"1386\">Durante esse percurso, percebi que muitas das dificuldades que enfrentei eram tamb\u00e9m as d\u00favidas dos meus colegas. Sempre prestativo e curioso, comecei a ajudar, trocar ideias e ensinar o que eu j\u00e1 havia aprendido. Foi assim, de forma natural, que surgiu meu canal no YouTube, onde passei a gravar v\u00eddeos ensinando Promob e resolvendo problemas reais do dia a dia do projetista.<\/p><p class=\"\" data-start=\"1388\" data-end=\"1711\">Hoje, <strong data-start=\"1394\" data-end=\"1438\">toda sexta-feira tem v\u00eddeo novo no canal<\/strong>, seja com atualiza\u00e7\u00f5es, d\u00favidas respondidas, erros comuns, ou mesmo regrava\u00e7\u00f5es com dicas mais precisas. O canal j\u00e1 conta com mais de <strong data-start=\"1573\" data-end=\"1647\">1.600 inscritos, 370 v\u00eddeos postados e mais de 2.600 horas de exibi\u00e7\u00e3o<\/strong>, sempre com foco em produtividade, clareza e aplica\u00e7\u00e3o pr\u00e1tica.<\/p><p class=\"\" data-start=\"1713\" data-end=\"2189\">Dessa experi\u00eancia cont\u00ednua, nasceu o meu m\u00e9todo exclusivo: o <strong data-start=\"1774\" data-end=\"1796\">Projeto Execut\u00e1vel<\/strong>. Um jeito direto e funcional de criar ambientes 3D com rapidez, qualidade visual e, principalmente, com foco na execu\u00e7\u00e3o. Muitos colegas sempre me perguntavam como eu conseguia criar projetos t\u00e3o r\u00e1pidos e ainda obter imagens com boa qualidade. A resposta est\u00e1 nesse m\u00e9todo, que uso tanto para o desenvolvimento do ambiente quanto para a documenta\u00e7\u00e3o t\u00e9cnica \u2014 sempre com capricho e inten\u00e7\u00e3o.<\/p><p class=\"\" data-start=\"2191\" data-end=\"2501\">Al\u00e9m dos conte\u00fados gratuitos, tamb\u00e9m ofere\u00e7o <strong data-start=\"2236\" data-end=\"2263\">cursos online completos<\/strong>, onde compartilho esse m\u00e9todo com profundidade, exemplos reais, materiais de apoio e aulas pr\u00e1ticas. Tudo pensado para ajudar voc\u00ea a desenvolver projetos reais, bem resolvidos, bonitos e prontos para sair do papel para a casa do cliente.<\/p><p class=\"\" data-start=\"2503\" data-end=\"2737\">\ud83d\ude80 <strong data-start=\"2506\" data-end=\"2538\">Que tal dar o pr\u00f3ximo passo?<\/strong><br data-start=\"2538\" data-end=\"2541\" \/>Se voc\u00ea quer aprender comigo de forma organizada, pr\u00e1tica e no seu ritmo, <strong data-start=\"2615\" data-end=\"2648\">venha para o meu curso online<\/strong>! Vamos juntos transformar sua forma de projetar com mais agilidade, clareza e confian\u00e7a.<\/p><p class=\"\" data-start=\"2739\" data-end=\"2873\">Acesse:\u00a0<\/p><p class=\"\" data-start=\"2739\" data-end=\"2873\">\ud83c\udf10 <strong><a class=\"\" href=\"https:\/\/hotmart.com\/pt-br\/club\/kg-projetos3d\" target=\"_new\" rel=\"noopener\" data-start=\"2750\" data-end=\"2796\">kgprojetos.hotmart<\/a><\/strong><\/p><p class=\"\" data-start=\"2739\" data-end=\"2873\">YouTube :<\/p><p class=\"\" data-start=\"2739\" data-end=\"2873\">\ud83c\udfa5: <strong><a class=\"\" href=\"https:\/\/youtube.com\/@kgprojetos3d\" target=\"_new\" rel=\"noopener\" data-start=\"2811\" data-end=\"2873\">youtube.com\/@kgprojetos3d<\/a><\/strong><\/p><blockquote data-start=\"2875\" data-end=\"2924\"><p class=\"\" data-start=\"2877\" data-end=\"2924\">\u201cFazendo e querendo aprender, tudo \u00e9 poss\u00edvel.\u201d<\/p><\/blockquote><p class=\"\" data-start=\"2926\" data-end=\"2956\">Nos vemos em breve. Um abra\u00e7o!<\/p>\t\t\t\t\t\t\t\t<\/div>\n\t\t\t\t<\/div>\n\t\t\t\t\t<\/div>\n\t\t\t\t<\/div>\n\t\t<div class=\"elementor-element elementor-element-236a049 e-flex e-con-boxed e-con e-parent\" data-id=\"236a049\" data-element_type=\"container\">\n\t\t\t\t\t<div class=\"e-con-inner\">\n\t\t<div class=\"elementor-element elementor-element-512194a e-con-full e-flex e-con e-child\" data-id=\"512194a\" data-element_type=\"container\">\n\t\t<div class=\"elementor-element elementor-element-3c92a28 e-con-full e-flex e-con e-child\" data-id=\"3c92a28\" data-element_type=\"container\">\n\t\t<div class=\"elementor-element elementor-element-cf1ee32 e-con-full e-flex e-con e-child\" data-id=\"cf1ee32\" data-element_type=\"container\">\n\t\t<div class=\"elementor-element elementor-element-cdb1127 e-con-full e-flex e-con e-child\" data-id=\"cdb1127\" data-element_type=\"container\">\n\t\t\t\t<div class=\"elementor-element elementor-element-11b4082 elementor-widget elementor-widget-image\" data-id=\"11b4082\" data-element_type=\"widget\" data-widget_type=\"image.default\">\n\t\t\t\t<div class=\"elementor-widget-container\">\n\t\t\t\t\t\t\t\t\t\t\t\t\t\t\t<img decoding=\"async\" width=\"800\" height=\"127\" src=\"https:\/\/kgprojetos.com.br\/wp-content\/uploads\/2024\/08\/logo-metodo-branco-1024x163.png\" class=\"attachment-large size-large wp-image-904\" alt=\"\" srcset=\"https:\/\/kgprojetos.com.br\/wp-content\/uploads\/2024\/08\/logo-metodo-branco-1024x163.png 1024w, https:\/\/kgprojetos.com.br\/wp-content\/uploads\/2024\/08\/logo-metodo-branco-300x48.png 300w, https:\/\/kgprojetos.com.br\/wp-content\/uploads\/2024\/08\/logo-metodo-branco-768x122.png 768w, https:\/\/kgprojetos.com.br\/wp-content\/uploads\/2024\/08\/logo-metodo-branco-1536x244.png 1536w, https:\/\/kgprojetos.com.br\/wp-content\/uploads\/2024\/08\/logo-metodo-branco-2048x326.png 2048w\" sizes=\"(max-width: 800px) 100vw, 800px\" \/>\t\t\t\t\t\t\t\t\t\t\t\t\t\t\t<\/div>\n\t\t\t\t<\/div>\n\t\t\t\t<\/div>\n\t\t<div class=\"elementor-element elementor-element-fcb1704 e-con-full elementor-hidden-mobile e-flex e-con e-child\" data-id=\"fcb1704\" data-element_type=\"container\">\n\t\t<div class=\"elementor-element elementor-element-dce8aa6 e-flex e-con-boxed e-con e-child\" data-id=\"dce8aa6\" data-element_type=\"container\">\n\t\t\t\t\t<div class=\"e-con-inner\">\n\t\t\t\t<div class=\"elementor-element elementor-element-e532318 elementor-view-default elementor-widget elementor-widget-icon\" data-id=\"e532318\" data-element_type=\"widget\" data-widget_type=\"icon.default\">\n\t\t\t\t<div class=\"elementor-widget-container\">\n\t\t\t\t\t\t\t<div class=\"elementor-icon-wrapper\">\n\t\t\t<div class=\"elementor-icon\">\n\t\t\t<svg aria-hidden=\"true\" class=\"e-font-icon-svg e-far-copyright\" viewBox=\"0 0 512 512\" xmlns=\"http:\/\/www.w3.org\/2000\/svg\"><path d=\"M256 8C119.033 8 8 119.033 8 256s111.033 248 248 248 248-111.033 248-248S392.967 8 256 8zm0 448c-110.532 0-200-89.451-200-200 0-110.531 89.451-200 200-200 110.532 0 200 89.451 200 200 0 110.532-89.451 200-200 200zm107.351-101.064c-9.614 9.712-45.53 41.396-104.065 41.396-82.43 0-140.484-61.425-140.484-141.567 0-79.152 60.275-139.401 139.762-139.401 55.531 0 88.738 26.62 97.593 34.779a11.965 11.965 0 0 1 1.936 15.322l-18.155 28.113c-3.841 5.95-11.966 7.282-17.499 2.921-8.595-6.776-31.814-22.538-61.708-22.538-48.303 0-77.916 35.33-77.916 80.082 0 41.589 26.888 83.692 78.277 83.692 32.657 0 56.843-19.039 65.726-27.225 5.27-4.857 13.596-4.039 17.82 1.738l19.865 27.17a11.947 11.947 0 0 1-1.152 15.518z\"><\/path><\/svg>\t\t\t<\/div>\n\t\t<\/div>\n\t\t\t\t\t\t<\/div>\n\t\t\t\t<\/div>\n\t\t\t\t<div class=\"elementor-element elementor-element-9ac9914 elementor-widget elementor-widget-heading\" data-id=\"9ac9914\" data-element_type=\"widget\" data-widget_type=\"heading.default\">\n\t\t\t\t<div class=\"elementor-widget-container\">\n\t\t\t\t\t<h2 class=\"elementor-heading-title elementor-size-default\">Copyright \u00a9 2024. Todos direitos reservados.<\/h2>\t\t\t\t<\/div>\n\t\t\t\t<\/div>\n\t\t\t\t\t<\/div>\n\t\t\t\t<\/div>\n\t\t\t\t<\/div>\n\t\t<div class=\"elementor-element elementor-element-f596451 e-con-full e-flex e-con e-child\" data-id=\"f596451\" data-element_type=\"container\">\n\t\t\t\t<div class=\"elementor-element elementor-element-ef22970 elementor-shape-circle elementor-grid-0 e-grid-align-center elementor-widget elementor-widget-social-icons\" data-id=\"ef22970\" data-element_type=\"widget\" data-widget_type=\"social-icons.default\">\n\t\t\t\t<div class=\"elementor-widget-container\">\n\t\t\t\t\t\t\t<div class=\"elementor-social-icons-wrapper elementor-grid\" role=\"list\">\n\t\t\t\t\t\t\t<span class=\"elementor-grid-item\" role=\"listitem\">\n\t\t\t\t\t<a class=\"elementor-icon elementor-social-icon elementor-social-icon-facebook elementor-animation-shrink elementor-repeater-item-31c2a39\" href=\"https:\/\/www.facebook.com\/kgprojetos3d\" target=\"_blank\">\n\t\t\t\t\t\t<span class=\"elementor-screen-only\">Facebook<\/span>\n\t\t\t\t\t\t<svg aria-hidden=\"true\" class=\"e-font-icon-svg e-fab-facebook\" viewBox=\"0 0 512 512\" xmlns=\"http:\/\/www.w3.org\/2000\/svg\"><path d=\"M504 256C504 119 393 8 256 8S8 119 8 256c0 123.78 90.69 226.38 209.25 245V327.69h-63V256h63v-54.64c0-62.15 37-96.48 93.67-96.48 27.14 0 55.52 4.84 55.52 4.84v61h-31.28c-30.8 0-40.41 19.12-40.41 38.73V256h68.78l-11 71.69h-57.78V501C413.31 482.38 504 379.78 504 256z\"><\/path><\/svg>\t\t\t\t\t<\/a>\n\t\t\t\t<\/span>\n\t\t\t\t\t\t\t<span class=\"elementor-grid-item\" role=\"listitem\">\n\t\t\t\t\t<a class=\"elementor-icon elementor-social-icon elementor-social-icon-pinterest elementor-animation-shrink elementor-repeater-item-200cc50\" href=\"https:\/\/br.pinterest.com\/byklebergiuliano\/\" target=\"_blank\">\n\t\t\t\t\t\t<span class=\"elementor-screen-only\">Pinterest<\/span>\n\t\t\t\t\t\t<svg aria-hidden=\"true\" class=\"e-font-icon-svg e-fab-pinterest\" viewBox=\"0 0 496 512\" xmlns=\"http:\/\/www.w3.org\/2000\/svg\"><path d=\"M496 256c0 137-111 248-248 248-25.6 0-50.2-3.9-73.4-11.1 10.1-16.5 25.2-43.5 30.8-65 3-11.6 15.4-59 15.4-59 8.1 15.4 31.7 28.5 56.8 28.5 74.8 0 128.7-68.8 128.7-154.3 0-81.9-66.9-143.2-152.9-143.2-107 0-163.9 71.8-163.9 150.1 0 36.4 19.4 81.7 50.3 96.1 4.7 2.2 7.2 1.2 8.3-3.3.8-3.4 5-20.3 6.9-28.1.6-2.5.3-4.7-1.7-7.1-10.1-12.5-18.3-35.3-18.3-56.6 0-54.7 41.4-107.6 112-107.6 60.9 0 103.6 41.5 103.6 100.9 0 67.1-33.9 113.6-78 113.6-24.3 0-42.6-20.1-36.7-44.8 7-29.5 20.5-61.3 20.5-82.6 0-19-10.2-34.9-31.4-34.9-24.9 0-44.9 25.7-44.9 60.2 0 22 7.4 36.8 7.4 36.8s-24.5 103.8-29 123.2c-5 21.4-3 51.6-.9 71.2C65.4 450.9 0 361.1 0 256 0 119 111 8 248 8s248 111 248 248z\"><\/path><\/svg>\t\t\t\t\t<\/a>\n\t\t\t\t<\/span>\n\t\t\t\t\t\t\t<span class=\"elementor-grid-item\" role=\"listitem\">\n\t\t\t\t\t<a class=\"elementor-icon elementor-social-icon elementor-social-icon-youtube elementor-animation-shrink elementor-repeater-item-a3c7bd6\" href=\"https:\/\/www.youtube.com\/channel\/UCgkj1pBkBiEDC3SFQ9k-5ig\" target=\"_blank\">\n\t\t\t\t\t\t<span class=\"elementor-screen-only\">Youtube<\/span>\n\t\t\t\t\t\t<svg aria-hidden=\"true\" class=\"e-font-icon-svg e-fab-youtube\" viewBox=\"0 0 576 512\" xmlns=\"http:\/\/www.w3.org\/2000\/svg\"><path d=\"M549.655 124.083c-6.281-23.65-24.787-42.276-48.284-48.597C458.781 64 288 64 288 64S117.22 64 74.629 75.486c-23.497 6.322-42.003 24.947-48.284 48.597-11.412 42.867-11.412 132.305-11.412 132.305s0 89.438 11.412 132.305c6.281 23.65 24.787 41.5 48.284 47.821C117.22 448 288 448 288 448s170.78 0 213.371-11.486c23.497-6.321 42.003-24.171 48.284-47.821 11.412-42.867 11.412-132.305 11.412-132.305s0-89.438-11.412-132.305zm-317.51 213.508V175.185l142.739 81.205-142.739 81.201z\"><\/path><\/svg>\t\t\t\t\t<\/a>\n\t\t\t\t<\/span>\n\t\t\t\t\t\t\t<span class=\"elementor-grid-item\" role=\"listitem\">\n\t\t\t\t\t<a class=\"elementor-icon elementor-social-icon elementor-social-icon-instagram elementor-animation-shrink elementor-repeater-item-f84eef8\" href=\"https:\/\/www.instagram.com\/kgprojetos3d\/\" target=\"_blank\">\n\t\t\t\t\t\t<span class=\"elementor-screen-only\">Instagram<\/span>\n\t\t\t\t\t\t<svg aria-hidden=\"true\" class=\"e-font-icon-svg e-fab-instagram\" viewBox=\"0 0 448 512\" xmlns=\"http:\/\/www.w3.org\/2000\/svg\"><path d=\"M224.1 141c-63.6 0-114.9 51.3-114.9 114.9s51.3 114.9 114.9 114.9S339 319.5 339 255.9 287.7 141 224.1 141zm0 189.6c-41.1 0-74.7-33.5-74.7-74.7s33.5-74.7 74.7-74.7 74.7 33.5 74.7 74.7-33.6 74.7-74.7 74.7zm146.4-194.3c0 14.9-12 26.8-26.8 26.8-14.9 0-26.8-12-26.8-26.8s12-26.8 26.8-26.8 26.8 12 26.8 26.8zm76.1 27.2c-1.7-35.9-9.9-67.7-36.2-93.9-26.2-26.2-58-34.4-93.9-36.2-37-2.1-147.9-2.1-184.9 0-35.8 1.7-67.6 9.9-93.9 36.1s-34.4 58-36.2 93.9c-2.1 37-2.1 147.9 0 184.9 1.7 35.9 9.9 67.7 36.2 93.9s58 34.4 93.9 36.2c37 2.1 147.9 2.1 184.9 0 35.9-1.7 67.7-9.9 93.9-36.2 26.2-26.2 34.4-58 36.2-93.9 2.1-37 2.1-147.8 0-184.8zM398.8 388c-7.8 19.6-22.9 34.7-42.6 42.6-29.5 11.7-99.5 9-132.1 9s-102.7 2.6-132.1-9c-19.6-7.8-34.7-22.9-42.6-42.6-11.7-29.5-9-99.5-9-132.1s-2.6-102.7 9-132.1c7.8-19.6 22.9-34.7 42.6-42.6 29.5-11.7 99.5-9 132.1-9s102.7-2.6 132.1 9c19.6 7.8 34.7 22.9 42.6 42.6 11.7 29.5 9 99.5 9 132.1s2.7 102.7-9 132.1z\"><\/path><\/svg>\t\t\t\t\t<\/a>\n\t\t\t\t<\/span>\n\t\t\t\t\t<\/div>\n\t\t\t\t\t\t<\/div>\n\t\t\t\t<\/div>\n\t\t\t\t<\/div>\n\t\t<div class=\"elementor-element elementor-element-01527e3 e-con-full e-flex e-con e-child\" data-id=\"01527e3\" data-element_type=\"container\">\n\t\t\t\t<div class=\"elementor-element elementor-element-2e70078 elementor-icon-list--layout-traditional elementor-list-item-link-full_width elementor-widget elementor-widget-icon-list\" data-id=\"2e70078\" data-element_type=\"widget\" data-widget_type=\"icon-list.default\">\n\t\t\t\t<div class=\"elementor-widget-container\">\n\t\t\t\t\t\t\t<ul class=\"elementor-icon-list-items\">\n\t\t\t\t\t\t\t<li class=\"elementor-icon-list-item\">\n\t\t\t\t\t\t\t\t\t\t\t<a href=\"http:\/\/klebergiuprojetos@gmail.com\">\n\n\t\t\t\t\t\t\t\t\t\t\t\t<span class=\"elementor-icon-list-icon\">\n\t\t\t\t\t\t\t<svg aria-hidden=\"true\" class=\"e-font-icon-svg e-fas-envelope\" viewBox=\"0 0 512 512\" xmlns=\"http:\/\/www.w3.org\/2000\/svg\"><path d=\"M502.3 190.8c3.9-3.1 9.7-.2 9.7 4.7V400c0 26.5-21.5 48-48 48H48c-26.5 0-48-21.5-48-48V195.6c0-5 5.7-7.8 9.7-4.7 22.4 17.4 52.1 39.5 154.1 113.6 21.1 15.4 56.7 47.8 92.2 47.6 35.7.3 72-32.8 92.3-47.6 102-74.1 131.6-96.3 154-113.7zM256 320c23.2.4 56.6-29.2 73.4-41.4 132.7-96.3 142.8-104.7 173.4-128.7 5.8-4.5 9.2-11.5 9.2-18.9v-19c0-26.5-21.5-48-48-48H48C21.5 64 0 85.5 0 112v19c0 7.4 3.4 14.3 9.2 18.9 30.6 23.9 40.7 32.4 173.4 128.7 16.8 12.2 50.2 41.8 73.4 41.4z\"><\/path><\/svg>\t\t\t\t\t\t<\/span>\n\t\t\t\t\t\t\t\t\t\t<span class=\"elementor-icon-list-text\"> klebergiuprojetos@gmail.com<\/span>\n\t\t\t\t\t\t\t\t\t\t\t<\/a>\n\t\t\t\t\t\t\t\t\t<\/li>\n\t\t\t\t\t\t\t\t<li class=\"elementor-icon-list-item\">\n\t\t\t\t\t\t\t\t\t\t\t<span class=\"elementor-icon-list-icon\">\n\t\t\t\t\t\t\t<svg aria-hidden=\"true\" class=\"e-font-icon-svg e-fab-wordpress\" viewBox=\"0 0 512 512\" xmlns=\"http:\/\/www.w3.org\/2000\/svg\"><path d=\"M61.7 169.4l101.5 278C92.2 413 43.3 340.2 43.3 256c0-30.9 6.6-60.1 18.4-86.6zm337.9 75.9c0-26.3-9.4-44.5-17.5-58.7-10.8-17.5-20.9-32.4-20.9-49.9 0-19.6 14.8-37.8 35.7-37.8.9 0 1.8.1 2.8.2-37.9-34.7-88.3-55.9-143.7-55.9-74.3 0-139.7 38.1-177.8 95.9 5 .2 9.7.3 13.7.3 22.2 0 56.7-2.7 56.7-2.7 11.5-.7 12.8 16.2 1.4 17.5 0 0-11.5 1.3-24.3 2l77.5 230.4L249.8 247l-33.1-90.8c-11.5-.7-22.3-2-22.3-2-11.5-.7-10.1-18.2 1.3-17.5 0 0 35.1 2.7 56 2.7 22.2 0 56.7-2.7 56.7-2.7 11.5-.7 12.8 16.2 1.4 17.5 0 0-11.5 1.3-24.3 2l76.9 228.7 21.2-70.9c9-29.4 16-50.5 16-68.7zm-139.9 29.3l-63.8 185.5c19.1 5.6 39.2 8.7 60.1 8.7 24.8 0 48.5-4.3 70.6-12.1-.6-.9-1.1-1.9-1.5-2.9l-65.4-179.2zm183-120.7c.9 6.8 1.4 14 1.4 21.9 0 21.6-4 45.8-16.2 76.2l-65 187.9C426.2 403 468.7 334.5 468.7 256c0-37-9.4-71.8-26-102.1zM504 256c0 136.8-111.3 248-248 248C119.2 504 8 392.7 8 256 8 119.2 119.2 8 256 8c136.7 0 248 111.2 248 248zm-11.4 0c0-130.5-106.2-236.6-236.6-236.6C125.5 19.4 19.4 125.5 19.4 256S125.6 492.6 256 492.6c130.5 0 236.6-106.1 236.6-236.6z\"><\/path><\/svg>\t\t\t\t\t\t<\/span>\n\t\t\t\t\t\t\t\t\t\t<span class=\"elementor-icon-list-text\">Criado com WordPress<\/span>\n\t\t\t\t\t\t\t\t\t<\/li>\n\t\t\t\t\t\t\t\t<li class=\"elementor-icon-list-item\">\n\t\t\t\t\t\t\t\t\t\t\t<span class=\"elementor-icon-list-icon\">\n\t\t\t\t\t\t\t<svg aria-hidden=\"true\" class=\"e-font-icon-svg e-fas-shopping-cart\" viewBox=\"0 0 576 512\" xmlns=\"http:\/\/www.w3.org\/2000\/svg\"><path d=\"M528.12 301.319l47.273-208C578.806 78.301 567.391 64 551.99 64H159.208l-9.166-44.81C147.758 8.021 137.93 0 126.529 0H24C10.745 0 0 10.745 0 24v16c0 13.255 10.745 24 24 24h69.883l70.248 343.435C147.325 417.1 136 435.222 136 456c0 30.928 25.072 56 56 56s56-25.072 56-56c0-15.674-6.447-29.835-16.824-40h209.647C430.447 426.165 424 440.326 424 456c0 30.928 25.072 56 56 56s56-25.072 56-56c0-22.172-12.888-41.332-31.579-50.405l5.517-24.276c3.413-15.018-8.002-29.319-23.403-29.319H218.117l-6.545-32h293.145c11.206 0 20.92-7.754 23.403-18.681z\"><\/path><\/svg>\t\t\t\t\t\t<\/span>\n\t\t\t\t\t\t\t\t\t\t<span class=\"elementor-icon-list-text\">Compra segura<\/span>\n\t\t\t\t\t\t\t\t\t<\/li>\n\t\t\t\t\t\t<\/ul>\n\t\t\t\t\t\t<\/div>\n\t\t\t\t<\/div>\n\t\t\t\t<\/div>\n\t\t\t\t<\/div>\n\t\t\t\t<\/div>\n\t\t\t\t<\/div>\n\t\t\t\t\t<\/div>\n\t\t\t\t<\/div>\n\t\t<div class=\"elementor-element elementor-element-808cb09 e-flex e-con-boxed e-con e-parent\" data-id=\"808cb09\" data-element_type=\"container\" data-settings=\"{&quot;background_background&quot;:&quot;classic&quot;}\">\n\t\t\t\t\t<div class=\"e-con-inner\">\n\t\t\t\t\t<\/div>\n\t\t\t\t<\/div>\n\t\t\t\t<\/div>\n\t\t","protected":false},"excerpt":{"rendered":"<p>Home NOSSOS PRODUTOS contato Quem \u00e9 Kleber Giuliano. Ol\u00e1! Eu sou Kleber Giuliano, e minha jornada no universo dos m\u00f3veis planejados come\u00e7ou em 2000. Iniciei no setor de expedi\u00e7\u00e3o e como ajudante de montagem \u2014 fun\u00e7\u00f5es que me deram uma vis\u00e3o real do que acontece no \u201cch\u00e3o de f\u00e1brica\u201d e, principalmente, na casa do cliente. [&hellip;]<\/p>\n","protected":false},"author":1,"featured_media":0,"parent":0,"menu_order":0,"comment_status":"closed","ping_status":"closed","template":"elementor_canvas","meta":{"footnotes":""},"class_list":["post-188","page","type-page","status-publish","hentry"],"_links":{"self":[{"href":"https:\/\/kgprojetos.com.br\/index.php?rest_route=\/wp\/v2\/pages\/188"}],"collection":[{"href":"https:\/\/kgprojetos.com.br\/index.php?rest_route=\/wp\/v2\/pages"}],"about":[{"href":"https:\/\/kgprojetos.com.br\/index.php?rest_route=\/wp\/v2\/types\/page"}],"author":[{"embeddable":true,"href":"https:\/\/kgprojetos.com.br\/index.php?rest_route=\/wp\/v2\/users\/1"}],"replies":[{"embeddable":true,"href":"https:\/\/kgprojetos.com.br\/index.php?rest_route=%2Fwp%2Fv2%2Fcomments&post=188"}],"version-history":[{"count":106,"href":"https:\/\/kgprojetos.com.br\/index.php?rest_route=\/wp\/v2\/pages\/188\/revisions"}],"predecessor-version":[{"id":3175,"href":"https:\/\/kgprojetos.com.br\/index.php?rest_route=\/wp\/v2\/pages\/188\/revisions\/3175"}],"wp:attachment":[{"href":"https:\/\/kgprojetos.com.br\/index.php?rest_route=%2Fwp%2Fv2%2Fmedia&parent=188"}],"curies":[{"name":"wp","href":"https:\/\/api.w.org\/{rel}","templated":true}]}}